{"id":1235,"date":"2020-11-03T15:11:59","date_gmt":"2020-11-03T14:11:59","guid":{"rendered":"http:\/\/organiser.at\/kaos\/?page_id=1235"},"modified":"2020-11-03T15:12:00","modified_gmt":"2020-11-03T14:12:00","slug":"kontakt","status":"publish","type":"page","link":"https:\/\/organiser.at\/kaos\/kontakt\/","title":{"rendered":"Kontakt"},"content":{"rendered":"\n<p class=\"wp-block-paragraph\">H\u00f6r av dig! Direkt p\u00e5 <a href=\"mailto:fredrik@adolvsson.se\" target=\"_blank\" rel=\"noreferrer noopener nofollow\">fredrik@adolvsson.se<\/a> eller anv\u00e4nd formul\u00e4ret. Fritt val, kompis.<\/p>\n\n\n<div class=\"wp-block-jetpack-contact-form is-layout-flex wp-container-jetpack-contact-form-is-layout-ad0378f5 wp-block-jetpack-contact-form-is-layout-flex\"><a href=\"https:\/\/organiser.at\/kaos\/kontakt\/\" target=\"_blank\" rel=\"noopener noreferrer\">Skicka ett formul\u00e4r.<\/a><\/div>","protected":false},"excerpt":{"rendered":"<p>H\u00f6r av dig! Direkt p\u00e5 fredrik@adolvsson.se eller anv\u00e4nd formul\u00e4ret. Fritt val, kompis.<\/p>\n","protected":false},"author":1,"featured_media":0,"parent":0,"menu_order":0,"comment_status":"closed","ping_status":"closed","template":"","meta":{"_coblocks_attr":"","_coblocks_dimensions":"","_coblocks_responsive_height":"","_coblocks_accordion_ie_support":"","_crdt_document":"","footnotes":"","_links_to":"","_links_to_target":""},"class_list":["post-1235","page","type-page","status-publish","hentry"],"blocksy_meta":[],"yoast_head":"<!-- This site is optimized with the Yoast SEO plugin v27.5 - https:\/\/yoast.com\/product\/yoast-seo-wordpress\/ -->\n<title>Kontakt - Organiserat kaos<\/title>\n<meta name=\"robots\" content=\"index, follow, max-snippet:-1, max-image-preview:large, max-video-preview:-1\" \/>\n<link rel=\"canonical\" href=\"https:\/\/organiser.at\/kaos\/kontakt\/\" \/>\n<meta property=\"og:locale\" content=\"sv_SE\" \/>\n<meta property=\"og:type\" content=\"article\" \/>\n<meta property=\"og:title\" content=\"Kontakt - Organiserat kaos\" \/>\n<meta property=\"og:description\" content=\"H\u00f6r av dig! Direkt p\u00e5 fredrik@adolvsson.se eller anv\u00e4nd formul\u00e4ret. Fritt val, kompis.\" \/>\n<meta property=\"og:url\" content=\"https:\/\/organiser.at\/kaos\/kontakt\/\" \/>\n<meta property=\"og:site_name\" content=\"Organiserat kaos\" \/>\n<meta property=\"article:modified_time\" content=\"2020-11-03T14:12:00+00:00\" \/>\n<meta name=\"twitter:card\" content=\"summary_large_image\" \/>\n<script type=\"application\/ld+json\" class=\"yoast-schema-graph\">{\"@context\":\"https:\\\/\\\/schema.org\",\"@graph\":[{\"@type\":\"WebPage\",\"@id\":\"https:\\\/\\\/organiser.at\\\/kaos\\\/kontakt\\\/\",\"url\":\"https:\\\/\\\/organiser.at\\\/kaos\\\/kontakt\\\/\",\"name\":\"Kontakt - Organiserat kaos\",\"isPartOf\":{\"@id\":\"https:\\\/\\\/organiser.at\\\/kaos\\\/#website\"},\"datePublished\":\"2020-11-03T14:11:59+00:00\",\"dateModified\":\"2020-11-03T14:12:00+00:00\",\"breadcrumb\":{\"@id\":\"https:\\\/\\\/organiser.at\\\/kaos\\\/kontakt\\\/#breadcrumb\"},\"inLanguage\":\"sv-SE\",\"potentialAction\":[{\"@type\":\"ReadAction\",\"target\":[\"https:\\\/\\\/organiser.at\\\/kaos\\\/kontakt\\\/\"]}]},{\"@type\":\"BreadcrumbList\",\"@id\":\"https:\\\/\\\/organiser.at\\\/kaos\\\/kontakt\\\/#breadcrumb\",\"itemListElement\":[{\"@type\":\"ListItem\",\"position\":1,\"name\":\"Hem\",\"item\":\"https:\\\/\\\/organiser.at\\\/kaos\\\/\"},{\"@type\":\"ListItem\",\"position\":2,\"name\":\"Kontakt\"}]},{\"@type\":\"WebSite\",\"@id\":\"https:\\\/\\\/organiser.at\\\/kaos\\\/#website\",\"url\":\"https:\\\/\\\/organiser.at\\\/kaos\\\/\",\"name\":\"Organiserat kaos\",\"description\":\"mer \u00e4n bara ett vackert sk\u00e4gg\",\"publisher\":{\"@id\":\"https:\\\/\\\/organiser.at\\\/kaos\\\/#organization\"},\"potentialAction\":[{\"@type\":\"SearchAction\",\"target\":{\"@type\":\"EntryPoint\",\"urlTemplate\":\"https:\\\/\\\/organiser.at\\\/kaos\\\/?s={search_term_string}\"},\"query-input\":{\"@type\":\"PropertyValueSpecification\",\"valueRequired\":true,\"valueName\":\"search_term_string\"}}],\"inLanguage\":\"sv-SE\"},{\"@type\":\"Organization\",\"@id\":\"https:\\\/\\\/organiser.at\\\/kaos\\\/#organization\",\"name\":\"Organiserat kaos\",\"url\":\"https:\\\/\\\/organiser.at\\\/kaos\\\/\",\"logo\":{\"@type\":\"ImageObject\",\"inLanguage\":\"sv-SE\",\"@id\":\"https:\\\/\\\/organiser.at\\\/kaos\\\/#\\\/schema\\\/logo\\\/image\\\/\",\"url\":\"https:\\\/\\\/i0.wp.com\\\/organiser.at\\\/kaos\\\/wp-content\\\/uploads\\\/2020\\\/11\\\/organiserat_kaos_logo_liten.png?fit=595%2C80&ssl=1\",\"contentUrl\":\"https:\\\/\\\/i0.wp.com\\\/organiser.at\\\/kaos\\\/wp-content\\\/uploads\\\/2020\\\/11\\\/organiserat_kaos_logo_liten.png?fit=595%2C80&ssl=1\",\"width\":595,\"height\":80,\"caption\":\"Organiserat kaos\"},\"image\":{\"@id\":\"https:\\\/\\\/organiser.at\\\/kaos\\\/#\\\/schema\\\/logo\\\/image\\\/\"}}]}<\/script>\n<!-- \/ Yoast SEO plugin. -->","yoast_head_json":{"title":"Kontakt - Organiserat kaos","robots":{"index":"index","follow":"follow","max-snippet":"max-snippet:-1","max-image-preview":"max-image-preview:large","max-video-preview":"max-video-preview:-1"},"canonical":"https:\/\/organiser.at\/kaos\/kontakt\/","og_locale":"sv_SE","og_type":"article","og_title":"Kontakt - Organiserat kaos","og_description":"H\u00f6r av dig! Direkt p\u00e5 fredrik@adolvsson.se eller anv\u00e4nd formul\u00e4ret. Fritt val, kompis.","og_url":"https:\/\/organiser.at\/kaos\/kontakt\/","og_site_name":"Organiserat kaos","article_modified_time":"2020-11-03T14:12:00+00:00","twitter_card":"summary_large_image","schema":{"@context":"https:\/\/schema.org","@graph":[{"@type":"WebPage","@id":"https:\/\/organiser.at\/kaos\/kontakt\/","url":"https:\/\/organiser.at\/kaos\/kontakt\/","name":"Kontakt - Organiserat kaos","isPartOf":{"@id":"https:\/\/organiser.at\/kaos\/#website"},"datePublished":"2020-11-03T14:11:59+00:00","dateModified":"2020-11-03T14:12:00+00:00","breadcrumb":{"@id":"https:\/\/organiser.at\/kaos\/kontakt\/#breadcrumb"},"inLanguage":"sv-SE","potentialAction":[{"@type":"ReadAction","target":["https:\/\/organiser.at\/kaos\/kontakt\/"]}]},{"@type":"BreadcrumbList","@id":"https:\/\/organiser.at\/kaos\/kontakt\/#breadcrumb","itemListElement":[{"@type":"ListItem","position":1,"name":"Hem","item":"https:\/\/organiser.at\/kaos\/"},{"@type":"ListItem","position":2,"name":"Kontakt"}]},{"@type":"WebSite","@id":"https:\/\/organiser.at\/kaos\/#website","url":"https:\/\/organiser.at\/kaos\/","name":"Organiserat kaos","description":"mer \u00e4n bara ett vackert sk\u00e4gg","publisher":{"@id":"https:\/\/organiser.at\/kaos\/#organization"},"potentialAction":[{"@type":"SearchAction","target":{"@type":"EntryPoint","urlTemplate":"https:\/\/organiser.at\/kaos\/?s={search_term_string}"},"query-input":{"@type":"PropertyValueSpecification","valueRequired":true,"valueName":"search_term_string"}}],"inLanguage":"sv-SE"},{"@type":"Organization","@id":"https:\/\/organiser.at\/kaos\/#organization","name":"Organiserat kaos","url":"https:\/\/organiser.at\/kaos\/","logo":{"@type":"ImageObject","inLanguage":"sv-SE","@id":"https:\/\/organiser.at\/kaos\/#\/schema\/logo\/image\/","url":"https:\/\/i0.wp.com\/organiser.at\/kaos\/wp-content\/uploads\/2020\/11\/organiserat_kaos_logo_liten.png?fit=595%2C80&ssl=1","contentUrl":"https:\/\/i0.wp.com\/organiser.at\/kaos\/wp-content\/uploads\/2020\/11\/organiserat_kaos_logo_liten.png?fit=595%2C80&ssl=1","width":595,"height":80,"caption":"Organiserat kaos"},"image":{"@id":"https:\/\/organiser.at\/kaos\/#\/schema\/logo\/image\/"}}]}},"blog_post_layout_featured_media_urls":{"thumbnail":"","full":""},"categories_names":null,"comments_number":"0","jetpack_sharing_enabled":true,"jetpack_shortlink":"https:\/\/wp.me\/P7PBTu-jV","jetpack_likes_enabled":true,"_links":{"self":[{"href":"https:\/\/organiser.at\/kaos\/wp-json\/wp\/v2\/pages\/1235","targetHints":{"allow":["GET"]}}],"collection":[{"href":"https:\/\/organiser.at\/kaos\/wp-json\/wp\/v2\/pages"}],"about":[{"href":"https:\/\/organiser.at\/kaos\/wp-json\/wp\/v2\/types\/page"}],"author":[{"embeddable":true,"href":"https:\/\/organiser.at\/kaos\/wp-json\/wp\/v2\/users\/1"}],"replies":[{"embeddable":true,"href":"https:\/\/organiser.at\/kaos\/wp-json\/wp\/v2\/comments?post=1235"}],"version-history":[{"count":3,"href":"https:\/\/organiser.at\/kaos\/wp-json\/wp\/v2\/pages\/1235\/revisions"}],"predecessor-version":[{"id":1239,"href":"https:\/\/organiser.at\/kaos\/wp-json\/wp\/v2\/pages\/1235\/revisions\/1239"}],"wp:attachment":[{"href":"https:\/\/organiser.at\/kaos\/wp-json\/wp\/v2\/media?parent=1235"}],"curies":[{"name":"wp","href":"https:\/\/api.w.org\/{rel}","templated":true}]}}