{"id":2,"date":"2013-11-09T13:25:39","date_gmt":"2013-11-09T12:25:39","guid":{"rendered":"http:\/\/organiser.at\/kaos\/?page_id=2"},"modified":"2026-01-08T10:08:51","modified_gmt":"2026-01-08T09:08:51","slug":"fredrik-adolvsson","status":"publish","type":"page","link":"https:\/\/organiser.at\/kaos\/fredrik-adolvsson\/","title":{"rendered":"Varf\u00f6r?"},"content":{"rendered":"\n<figure class=\"wp-block-image alignleft size-large is-resized has-custom-border is-style-default wp-duotone-unset-1\"><img data-recalc-dims=\"1\" loading=\"lazy\" decoding=\"async\" width=\"400\" height=\"400\" data-attachment-id=\"1173\" data-permalink=\"https:\/\/organiser.at\/kaos\/fredrik-adolvsson\/121245247_10164511718310226_644138393151026938_n\/\" data-orig-file=\"https:\/\/i0.wp.com\/organiser.at\/kaos\/wp-content\/uploads\/2020\/10\/121245247_10164511718310226_644138393151026938_n.jpg?fit=400%2C400&amp;ssl=1\" data-orig-size=\"400,400\" data-comments-opened=\"1\" data-image-meta=\"{&quot;aperture&quot;:&quot;0&quot;,&quot;credit&quot;:&quot;&quot;,&quot;camera&quot;:&quot;&quot;,&quot;caption&quot;:&quot;&quot;,&quot;created_timestamp&quot;:&quot;0&quot;,&quot;copyright&quot;:&quot;&quot;,&quot;focal_length&quot;:&quot;0&quot;,&quot;iso&quot;:&quot;0&quot;,&quot;shutter_speed&quot;:&quot;0&quot;,&quot;title&quot;:&quot;&quot;,&quot;orientation&quot;:&quot;0&quot;}\" data-image-title=\"\" data-image-description=\"&lt;p&gt;En bild p\u00e5 f\u00f6rfattaren&lt;\/p&gt;\n\" data-image-caption=\"\" data-large-file=\"https:\/\/i0.wp.com\/organiser.at\/kaos\/wp-content\/uploads\/2020\/10\/121245247_10164511718310226_644138393151026938_n.jpg?fit=400%2C400&amp;ssl=1\" src=\"https:\/\/i0.wp.com\/organiser.at\/kaos\/wp-content\/uploads\/2020\/10\/121245247_10164511718310226_644138393151026938_n.jpg?resize=400%2C400\" alt=\"En bild p\u00e5 f\u00f6rfattaren\" class=\"wp-image-1173\" style=\"border-width:5px;width:300px;height:300px\" srcset=\"https:\/\/i0.wp.com\/organiser.at\/kaos\/wp-content\/uploads\/2020\/10\/121245247_10164511718310226_644138393151026938_n.jpg?w=400&amp;ssl=1 400w, https:\/\/i0.wp.com\/organiser.at\/kaos\/wp-content\/uploads\/2020\/10\/121245247_10164511718310226_644138393151026938_n.jpg?resize=300%2C300&amp;ssl=1 300w, https:\/\/i0.wp.com\/organiser.at\/kaos\/wp-content\/uploads\/2020\/10\/121245247_10164511718310226_644138393151026938_n.jpg?resize=150%2C150&amp;ssl=1 150w\" sizes=\"auto, (max-width: 400px) 100vw, 400px\" \/><\/figure>\n\n\n\n<p class=\"wp-block-paragraph\">Typiskt bra fr\u00e5ga.<\/p>\n\n\n\n<p class=\"wp-block-paragraph\">F\u00f6r n\u00e5gra \u00e5r sedan var jag p\u00e5 dejt och of\u00f6rhappandes kom vi in p\u00e5 det \u00e4r med att skriva p\u00e5 n\u00e4tet. Att det f\u00f6r mig b\u00f6rjade n\u00e4r jag kom i kontakt med webben, runt 95-96, f\u00f6rst via n\u00e5gon slags kollektiv dagbokstj\u00e4nst som hette Surr.net, sedermera dagbok p\u00e5 egen hemsida under n\u00e5gra \u00e5r, fram tills bloggverktygen kom och allt det d\u00e4r vi tidigare gjort skulle kallas blogg. Att det senare, p\u00e5 grund av orsaker, rann ut i sanden.<\/p>\n\n\n\n<p class=\"wp-block-paragraph\">Hon p\u00e5pekade n\u00e5got om att jag d\u00e5, under de f\u00f6rsta \u00e5ren, inte kan ha haft m\u00e5nga l\u00e4sare. Hon ifr\u00e5gasatte po\u00e4ngen med att skriva. Jag hajjade till. Klart jag ville, vill, bli l\u00e4st fast det l\u00e5g aldrig n\u00e5gon direkt reflektion \u00f6ver det. Hade eventuellt en bes\u00f6ksr\u00e4knare, deltog kanske i n\u00e5got l\u00e4nkutbyte, men mycket mer \u00e4n s\u00e5 var det inte. Jag ville bara skriva.<\/p>\n\n\n\n<h3 class=\"wp-block-heading\">Vad g\u00f6r jag h\u00e4r?<\/h3>\n\n\n\n<p class=\"wp-block-paragraph\">Jag vill bara skriva. <a href=\"https:\/\/organiser.at\/kaos\">Organiserat kaos<\/a> \u00e4r helt enkelt t\u00e4nkt som ett utlopp f\u00f6r min s\u00e5 kallade kreativa \u00e5dra, inte n\u00f6dv\u00e4ndigtvis med n\u00e5got speficikt m\u00e5l eller format i sikte. Vi f\u00e5r se hur det g\u00e5r den h\u00e4r g\u00e5ngen. \u00d6nska mig lycka till.<\/p>\n\n\n\n<figure class=\"wp-block-image aligncenter size-large is-resized is-style-default\"><img data-recalc-dims=\"1\" loading=\"lazy\" decoding=\"async\" width=\"120\" height=\"120\" data-attachment-id=\"692\" data-permalink=\"https:\/\/organiser.at\/kaos\/beardo_small_7\/\" data-orig-file=\"https:\/\/i0.wp.com\/organiser.at\/kaos\/wp-content\/uploads\/2019\/10\/beardo_small_7.png?fit=120%2C120&amp;ssl=1\" data-orig-size=\"120,120\" data-comments-opened=\"1\" data-image-meta=\"{&quot;aperture&quot;:&quot;0&quot;,&quot;credit&quot;:&quot;&quot;,&quot;camera&quot;:&quot;&quot;,&quot;caption&quot;:&quot;&quot;,&quot;created_timestamp&quot;:&quot;0&quot;,&quot;copyright&quot;:&quot;&quot;,&quot;focal_length&quot;:&quot;0&quot;,&quot;iso&quot;:&quot;0&quot;,&quot;shutter_speed&quot;:&quot;0&quot;,&quot;title&quot;:&quot;&quot;,&quot;orientation&quot;:&quot;0&quot;}\" data-image-title=\"beardo_small_7\" data-image-description=\"\" data-image-caption=\"\" data-large-file=\"https:\/\/i0.wp.com\/organiser.at\/kaos\/wp-content\/uploads\/2019\/10\/beardo_small_7.png?fit=120%2C120&amp;ssl=1\" src=\"https:\/\/i0.wp.com\/organiser.at\/kaos\/wp-content\/uploads\/2019\/10\/beardo_small_7.png?resize=120%2C120&#038;ssl=1\" alt=\"Mitt lilla enkla sj\u00e4lvportr\u00e4tt.\" class=\"wp-image-692\" style=\"width:60px;height:60px\"\/><\/figure>\n\n\n\n<div style=\"height:35px\" aria-hidden=\"true\" class=\"wp-block-spacer\"><\/div>\n\n\n\n<h3 class=\"wp-block-heading\">H\u00e4r \u00e4r en annan blandad kompott<\/h3>\n\n\n\n<ul class=\"wp-block-list\">\n<li><a href=\"https:\/\/www.imdb.com\/name\/nm8096790\/?ref_=fn_al_nm_1\">Jag finns p\u00e5 IMDb<\/a>.<\/li>\n\n\n\n<li>Jag skolade om mig i mogen \u00e5lder till n\u00e5got s\u00e5 modernt som <a href=\"http:\/\/medieinstitutet.se\/webbkommunikator-sociala-medier\/\">webbkommunikat\u00f6r<\/a>.<\/li>\n\n\n\n<li>Jag brukade tillverka skyltar.<\/li>\n\n\n\n<li>Jag \u00e4r f\u00f6dd 1978. I februari. Den sextonde. En torsdag.<\/li>\n\n\n\n<li>Jag gillar att n\u00f6rda ner mig i flera saker men framf\u00f6r allt film, serietidningar och kaffe. Och \u00f6l.<\/li>\n\n\n\n<li>Inte ost, fr\u00e5gar du som k\u00e4nner mig? Jag \u00e4lskar ost, men det \u00e4r mer en blind passion. En ren njutning.<\/li>\n\n\n\n<li>Jag avskyr att stava fel.<\/li>\n\n\n\n<li>Jag \u00e4r r\u00e4dd f\u00f6r d\u00f6den.<\/li>\n<\/ul>\n\n\n\n<figure class=\"wp-block-image aligncenter size-large is-resized has-custom-border is-style-default\"><img data-recalc-dims=\"1\" loading=\"lazy\" decoding=\"async\" width=\"300\" height=\"300\" data-attachment-id=\"1022\" data-permalink=\"https:\/\/organiser.at\/kaos\/fredrik-adolvsson\/28ix3qr-2\/\" data-orig-file=\"https:\/\/i0.wp.com\/organiser.at\/kaos\/wp-content\/uploads\/2020\/09\/28ix3qr.jpg?fit=300%2C300&amp;ssl=1\" data-orig-size=\"300,300\" data-comments-opened=\"1\" data-image-meta=\"{&quot;aperture&quot;:&quot;0&quot;,&quot;credit&quot;:&quot;&quot;,&quot;camera&quot;:&quot;&quot;,&quot;caption&quot;:&quot;&quot;,&quot;created_timestamp&quot;:&quot;0&quot;,&quot;copyright&quot;:&quot;&quot;,&quot;focal_length&quot;:&quot;0&quot;,&quot;iso&quot;:&quot;0&quot;,&quot;shutter_speed&quot;:&quot;0&quot;,&quot;title&quot;:&quot;&quot;,&quot;orientation&quot;:&quot;0&quot;}\" data-image-title=\"\" data-image-description=\"\" data-image-caption=\"&lt;p&gt;Portr\u00e4tt p\u00e5 mig, tecknat av Nicklas Andersson.&lt;\/p&gt;\n\" data-large-file=\"https:\/\/i0.wp.com\/organiser.at\/kaos\/wp-content\/uploads\/2020\/09\/28ix3qr.jpg?fit=300%2C300&amp;ssl=1\" src=\"https:\/\/i0.wp.com\/organiser.at\/kaos\/wp-content\/uploads\/2020\/09\/28ix3qr.jpg?resize=300%2C300\" alt=\"Tecknat portr\u00e4tt p\u00e5 mig med huvudet i en gigantisk bit ost.\" class=\"wp-image-1022\" style=\"border-width:5px;border-top-left-radius:0px;border-top-right-radius:0px;border-bottom-left-radius:0px;border-bottom-right-radius:0px;width:300px;height:300px\" srcset=\"https:\/\/i0.wp.com\/organiser.at\/kaos\/wp-content\/uploads\/2020\/09\/28ix3qr.jpg?w=300&amp;ssl=1 300w, https:\/\/i0.wp.com\/organiser.at\/kaos\/wp-content\/uploads\/2020\/09\/28ix3qr.jpg?resize=150%2C150&amp;ssl=1 150w\" sizes=\"auto, (max-width: 300px) 100vw, 300px\" \/><figcaption class=\"wp-element-caption\">Jag, enligt <a href=\"https:\/\/nyvinter.carrd.co\/\">Nicklas Andersson<\/a>.<\/figcaption><\/figure>\n","protected":false},"excerpt":{"rendered":"<p>Typiskt bra fr\u00e5ga. F\u00f6r n\u00e5gra \u00e5r sedan var jag p\u00e5 dejt och of\u00f6rhappandes kom vi in p\u00e5 det \u00e4r med att skriva p\u00e5 n\u00e4tet. Att det f\u00f6r mig b\u00f6rjade n\u00e4r jag kom i kontakt med webben, runt 95-96, f\u00f6rst via n\u00e5gon slags kollektiv dagbokstj\u00e4nst som hette Surr.net, sedermera dagbok p\u00e5 egen hemsida under n\u00e5gra \u00e5r, [&hellip;]<\/p>\n","protected":false},"author":1,"featured_media":1173,"parent":0,"menu_order":0,"comment_status":"closed","ping_status":"closed","template":"","meta":{"_coblocks_attr":"","_coblocks_dimensions":"","_coblocks_responsive_height":"","_coblocks_accordion_ie_support":"","_crdt_document":"","footnotes":"","_links_to":"","_links_to_target":""},"class_list":["post-2","page","type-page","status-publish","has-post-thumbnail","hentry"],"blocksy_meta":[],"yoast_head":"<!-- This site is optimized with the Yoast SEO plugin v27.4 - https:\/\/yoast.com\/product\/yoast-seo-wordpress\/ -->\n<title>Varf\u00f6r? - Organiserat kaos<\/title>\n<meta name=\"robots\" content=\"index, follow, max-snippet:-1, max-image-preview:large, max-video-preview:-1\" \/>\n<link rel=\"canonical\" href=\"https:\/\/organiser.at\/kaos\/fredrik-adolvsson\/\" \/>\n<meta property=\"og:locale\" content=\"sv_SE\" \/>\n<meta property=\"og:type\" content=\"article\" \/>\n<meta property=\"og:title\" content=\"Varf\u00f6r? - Organiserat kaos\" \/>\n<meta property=\"og:description\" content=\"Typiskt bra fr\u00e5ga. F\u00f6r n\u00e5gra \u00e5r sedan var jag p\u00e5 dejt och of\u00f6rhappandes kom vi in p\u00e5 det \u00e4r med att skriva p\u00e5 n\u00e4tet. Att det f\u00f6r mig b\u00f6rjade n\u00e4r jag kom i kontakt med webben, runt 95-96, f\u00f6rst via n\u00e5gon slags kollektiv dagbokstj\u00e4nst som hette Surr.net, sedermera dagbok p\u00e5 egen hemsida under n\u00e5gra \u00e5r, [&hellip;]\" \/>\n<meta property=\"og:url\" content=\"https:\/\/organiser.at\/kaos\/fredrik-adolvsson\/\" \/>\n<meta property=\"og:site_name\" content=\"Organiserat kaos\" \/>\n<meta property=\"article:modified_time\" content=\"2026-01-08T09:08:51+00:00\" \/>\n<meta property=\"og:image\" content=\"https:\/\/organiser.at\/kaos\/wp-content\/uploads\/2020\/10\/121245247_10164511718310226_644138393151026938_n.jpg\" \/>\n\t<meta property=\"og:image:width\" content=\"400\" \/>\n\t<meta property=\"og:image:height\" content=\"400\" \/>\n\t<meta property=\"og:image:type\" content=\"image\/jpeg\" \/>\n<meta name=\"twitter:card\" content=\"summary_large_image\" \/>\n<meta name=\"twitter:label1\" content=\"Ber\u00e4knad l\u00e4stid\" \/>\n\t<meta name=\"twitter:data1\" content=\"3 minuter\" \/>\n<script type=\"application\/ld+json\" class=\"yoast-schema-graph\">{\"@context\":\"https:\\\/\\\/schema.org\",\"@graph\":[{\"@type\":\"WebPage\",\"@id\":\"https:\\\/\\\/organiser.at\\\/kaos\\\/fredrik-adolvsson\\\/\",\"url\":\"https:\\\/\\\/organiser.at\\\/kaos\\\/fredrik-adolvsson\\\/\",\"name\":\"Varf\u00f6r? - Organiserat kaos\",\"isPartOf\":{\"@id\":\"https:\\\/\\\/organiser.at\\\/kaos\\\/#website\"},\"primaryImageOfPage\":{\"@id\":\"https:\\\/\\\/organiser.at\\\/kaos\\\/fredrik-adolvsson\\\/#primaryimage\"},\"image\":{\"@id\":\"https:\\\/\\\/organiser.at\\\/kaos\\\/fredrik-adolvsson\\\/#primaryimage\"},\"thumbnailUrl\":\"https:\\\/\\\/i0.wp.com\\\/organiser.at\\\/kaos\\\/wp-content\\\/uploads\\\/2020\\\/10\\\/121245247_10164511718310226_644138393151026938_n.jpg?fit=400%2C400&ssl=1\",\"datePublished\":\"2013-11-09T12:25:39+00:00\",\"dateModified\":\"2026-01-08T09:08:51+00:00\",\"breadcrumb\":{\"@id\":\"https:\\\/\\\/organiser.at\\\/kaos\\\/fredrik-adolvsson\\\/#breadcrumb\"},\"inLanguage\":\"sv-SE\",\"potentialAction\":[{\"@type\":\"ReadAction\",\"target\":[\"https:\\\/\\\/organiser.at\\\/kaos\\\/fredrik-adolvsson\\\/\"]}]},{\"@type\":\"ImageObject\",\"inLanguage\":\"sv-SE\",\"@id\":\"https:\\\/\\\/organiser.at\\\/kaos\\\/fredrik-adolvsson\\\/#primaryimage\",\"url\":\"https:\\\/\\\/i0.wp.com\\\/organiser.at\\\/kaos\\\/wp-content\\\/uploads\\\/2020\\\/10\\\/121245247_10164511718310226_644138393151026938_n.jpg?fit=400%2C400&ssl=1\",\"contentUrl\":\"https:\\\/\\\/i0.wp.com\\\/organiser.at\\\/kaos\\\/wp-content\\\/uploads\\\/2020\\\/10\\\/121245247_10164511718310226_644138393151026938_n.jpg?fit=400%2C400&ssl=1\",\"width\":400,\"height\":400,\"caption\":\"En bild p\u00e5 f\u00f6rfattaren\"},{\"@type\":\"BreadcrumbList\",\"@id\":\"https:\\\/\\\/organiser.at\\\/kaos\\\/fredrik-adolvsson\\\/#breadcrumb\",\"itemListElement\":[{\"@type\":\"ListItem\",\"position\":1,\"name\":\"Hem\",\"item\":\"https:\\\/\\\/organiser.at\\\/kaos\\\/\"},{\"@type\":\"ListItem\",\"position\":2,\"name\":\"Varf\u00f6r?\"}]},{\"@type\":\"WebSite\",\"@id\":\"https:\\\/\\\/organiser.at\\\/kaos\\\/#website\",\"url\":\"https:\\\/\\\/organiser.at\\\/kaos\\\/\",\"name\":\"Organiserat kaos\",\"description\":\"mer \u00e4n bara ett vackert sk\u00e4gg\",\"publisher\":{\"@id\":\"https:\\\/\\\/organiser.at\\\/kaos\\\/#organization\"},\"potentialAction\":[{\"@type\":\"SearchAction\",\"target\":{\"@type\":\"EntryPoint\",\"urlTemplate\":\"https:\\\/\\\/organiser.at\\\/kaos\\\/?s={search_term_string}\"},\"query-input\":{\"@type\":\"PropertyValueSpecification\",\"valueRequired\":true,\"valueName\":\"search_term_string\"}}],\"inLanguage\":\"sv-SE\"},{\"@type\":\"Organization\",\"@id\":\"https:\\\/\\\/organiser.at\\\/kaos\\\/#organization\",\"name\":\"Organiserat kaos\",\"url\":\"https:\\\/\\\/organiser.at\\\/kaos\\\/\",\"logo\":{\"@type\":\"ImageObject\",\"inLanguage\":\"sv-SE\",\"@id\":\"https:\\\/\\\/organiser.at\\\/kaos\\\/#\\\/schema\\\/logo\\\/image\\\/\",\"url\":\"https:\\\/\\\/i0.wp.com\\\/organiser.at\\\/kaos\\\/wp-content\\\/uploads\\\/2020\\\/11\\\/organiserat_kaos_logo_liten.png?fit=595%2C80&ssl=1\",\"contentUrl\":\"https:\\\/\\\/i0.wp.com\\\/organiser.at\\\/kaos\\\/wp-content\\\/uploads\\\/2020\\\/11\\\/organiserat_kaos_logo_liten.png?fit=595%2C80&ssl=1\",\"width\":595,\"height\":80,\"caption\":\"Organiserat kaos\"},\"image\":{\"@id\":\"https:\\\/\\\/organiser.at\\\/kaos\\\/#\\\/schema\\\/logo\\\/image\\\/\"}}]}<\/script>\n<!-- \/ Yoast SEO plugin. -->","yoast_head_json":{"title":"Varf\u00f6r? - Organiserat kaos","robots":{"index":"index","follow":"follow","max-snippet":"max-snippet:-1","max-image-preview":"max-image-preview:large","max-video-preview":"max-video-preview:-1"},"canonical":"https:\/\/organiser.at\/kaos\/fredrik-adolvsson\/","og_locale":"sv_SE","og_type":"article","og_title":"Varf\u00f6r? - Organiserat kaos","og_description":"Typiskt bra fr\u00e5ga. F\u00f6r n\u00e5gra \u00e5r sedan var jag p\u00e5 dejt och of\u00f6rhappandes kom vi in p\u00e5 det \u00e4r med att skriva p\u00e5 n\u00e4tet. Att det f\u00f6r mig b\u00f6rjade n\u00e4r jag kom i kontakt med webben, runt 95-96, f\u00f6rst via n\u00e5gon slags kollektiv dagbokstj\u00e4nst som hette Surr.net, sedermera dagbok p\u00e5 egen hemsida under n\u00e5gra \u00e5r, [&hellip;]","og_url":"https:\/\/organiser.at\/kaos\/fredrik-adolvsson\/","og_site_name":"Organiserat kaos","article_modified_time":"2026-01-08T09:08:51+00:00","og_image":[{"width":400,"height":400,"url":"https:\/\/organiser.at\/kaos\/wp-content\/uploads\/2020\/10\/121245247_10164511718310226_644138393151026938_n.jpg","type":"image\/jpeg"}],"twitter_card":"summary_large_image","twitter_misc":{"Ber\u00e4knad l\u00e4stid":"3 minuter"},"schema":{"@context":"https:\/\/schema.org","@graph":[{"@type":"WebPage","@id":"https:\/\/organiser.at\/kaos\/fredrik-adolvsson\/","url":"https:\/\/organiser.at\/kaos\/fredrik-adolvsson\/","name":"Varf\u00f6r? - Organiserat kaos","isPartOf":{"@id":"https:\/\/organiser.at\/kaos\/#website"},"primaryImageOfPage":{"@id":"https:\/\/organiser.at\/kaos\/fredrik-adolvsson\/#primaryimage"},"image":{"@id":"https:\/\/organiser.at\/kaos\/fredrik-adolvsson\/#primaryimage"},"thumbnailUrl":"https:\/\/i0.wp.com\/organiser.at\/kaos\/wp-content\/uploads\/2020\/10\/121245247_10164511718310226_644138393151026938_n.jpg?fit=400%2C400&ssl=1","datePublished":"2013-11-09T12:25:39+00:00","dateModified":"2026-01-08T09:08:51+00:00","breadcrumb":{"@id":"https:\/\/organiser.at\/kaos\/fredrik-adolvsson\/#breadcrumb"},"inLanguage":"sv-SE","potentialAction":[{"@type":"ReadAction","target":["https:\/\/organiser.at\/kaos\/fredrik-adolvsson\/"]}]},{"@type":"ImageObject","inLanguage":"sv-SE","@id":"https:\/\/organiser.at\/kaos\/fredrik-adolvsson\/#primaryimage","url":"https:\/\/i0.wp.com\/organiser.at\/kaos\/wp-content\/uploads\/2020\/10\/121245247_10164511718310226_644138393151026938_n.jpg?fit=400%2C400&ssl=1","contentUrl":"https:\/\/i0.wp.com\/organiser.at\/kaos\/wp-content\/uploads\/2020\/10\/121245247_10164511718310226_644138393151026938_n.jpg?fit=400%2C400&ssl=1","width":400,"height":400,"caption":"En bild p\u00e5 f\u00f6rfattaren"},{"@type":"BreadcrumbList","@id":"https:\/\/organiser.at\/kaos\/fredrik-adolvsson\/#breadcrumb","itemListElement":[{"@type":"ListItem","position":1,"name":"Hem","item":"https:\/\/organiser.at\/kaos\/"},{"@type":"ListItem","position":2,"name":"Varf\u00f6r?"}]},{"@type":"WebSite","@id":"https:\/\/organiser.at\/kaos\/#website","url":"https:\/\/organiser.at\/kaos\/","name":"Organiserat kaos","description":"mer \u00e4n bara ett vackert sk\u00e4gg","publisher":{"@id":"https:\/\/organiser.at\/kaos\/#organization"},"potentialAction":[{"@type":"SearchAction","target":{"@type":"EntryPoint","urlTemplate":"https:\/\/organiser.at\/kaos\/?s={search_term_string}"},"query-input":{"@type":"PropertyValueSpecification","valueRequired":true,"valueName":"search_term_string"}}],"inLanguage":"sv-SE"},{"@type":"Organization","@id":"https:\/\/organiser.at\/kaos\/#organization","name":"Organiserat kaos","url":"https:\/\/organiser.at\/kaos\/","logo":{"@type":"ImageObject","inLanguage":"sv-SE","@id":"https:\/\/organiser.at\/kaos\/#\/schema\/logo\/image\/","url":"https:\/\/i0.wp.com\/organiser.at\/kaos\/wp-content\/uploads\/2020\/11\/organiserat_kaos_logo_liten.png?fit=595%2C80&ssl=1","contentUrl":"https:\/\/i0.wp.com\/organiser.at\/kaos\/wp-content\/uploads\/2020\/11\/organiserat_kaos_logo_liten.png?fit=595%2C80&ssl=1","width":595,"height":80,"caption":"Organiserat kaos"},"image":{"@id":"https:\/\/organiser.at\/kaos\/#\/schema\/logo\/image\/"}}]}},"blog_post_layout_featured_media_urls":{"thumbnail":["https:\/\/i0.wp.com\/organiser.at\/kaos\/wp-content\/uploads\/2020\/10\/121245247_10164511718310226_644138393151026938_n.jpg?resize=150%2C150&ssl=1",150,150,true],"full":["https:\/\/i0.wp.com\/organiser.at\/kaos\/wp-content\/uploads\/2020\/10\/121245247_10164511718310226_644138393151026938_n.jpg?fit=400%2C400&ssl=1",400,400,false]},"categories_names":null,"comments_number":"0","jetpack_sharing_enabled":true,"jetpack_shortlink":"https:\/\/wp.me\/P7PBTu-2","jetpack_likes_enabled":true,"_links":{"self":[{"href":"https:\/\/organiser.at\/kaos\/wp-json\/wp\/v2\/pages\/2","targetHints":{"allow":["GET"]}}],"collection":[{"href":"https:\/\/organiser.at\/kaos\/wp-json\/wp\/v2\/pages"}],"about":[{"href":"https:\/\/organiser.at\/kaos\/wp-json\/wp\/v2\/types\/page"}],"author":[{"embeddable":true,"href":"https:\/\/organiser.at\/kaos\/wp-json\/wp\/v2\/users\/1"}],"replies":[{"embeddable":true,"href":"https:\/\/organiser.at\/kaos\/wp-json\/wp\/v2\/comments?post=2"}],"version-history":[{"count":39,"href":"https:\/\/organiser.at\/kaos\/wp-json\/wp\/v2\/pages\/2\/revisions"}],"predecessor-version":[{"id":6967,"href":"https:\/\/organiser.at\/kaos\/wp-json\/wp\/v2\/pages\/2\/revisions\/6967"}],"wp:featuredmedia":[{"embeddable":true,"href":"https:\/\/organiser.at\/kaos\/wp-json\/wp\/v2\/media\/1173"}],"wp:attachment":[{"href":"https:\/\/organiser.at\/kaos\/wp-json\/wp\/v2\/media?parent=2"}],"curies":[{"name":"wp","href":"https:\/\/api.w.org\/{rel}","templated":true}]}}